{"id":26,"date":"2017-04-15T11:40:20","date_gmt":"2017-04-15T09:40:20","guid":{"rendered":"http:\/\/www.nettemaisonette.de\/cms\/?page_id=26"},"modified":"2021-08-02T15:03:15","modified_gmt":"2021-08-02T13:03:15","slug":"ansichten","status":"publish","type":"page","link":"https:\/\/www.nettemaisonette.de\/cms\/","title":{"rendered":"Ansichten"},"content":{"rendered":"<h1>Herzlich willkommen\u2026.<\/h1>\n<p>\u2026.in unserer mit drei Sternen klassifizierten,\u00a0nett und gem\u00fctlich eingerichteten Maisonettewohnung (Nichtraucher) in Saarbr\u00fccken Gersweiler; bitte keine Haustiere wie Hunde, Katzen usw.<br \/>\nDie Wohnung in sehr ruhiger Lage, hat gute Verkehrsanbindung zur Innenstadt und Ausflugszielen in der Umgebung.<br \/>\nIm Sommer k\u00f6nnen Sie den Garten mitbenutzen und sich auf der Liegewiese entspannen oder auch den vorhandenen Grill nutzen. Zur Wohnung geh\u00f6rt ein KFZ-Stellplatz direkt am Haus.<\/p>\n<p>Die Wohnung ist renoviert, und komplett eingerichtet: Wohnbereich mit Sitzgarnitur, TV Anlage, WLAN DSL Anschluss, Radio- und CD Player, B\u00fccher; Schlafbereich mit Doppelbett 180 x 200 cm, Kleiderschrank; K\u00fcche mit K\u00fchl\/Gefrierschrank, Geschirrsp\u00fclmaschine, Herd\/Backofen, Dunstabzugshaube, Sp\u00fcle, Kaffeemaschine, Wasserkocher, Geschirr, Bestecke, T\u00f6pfe, Pfanne usw. Essbereich mit Tisch und St\u00fchlen und einen sch\u00f6nen Blick in den Garten, f\u00fcr die Kleinen steht ein Kinder-Hochstuhl zur Verf\u00fcgung; Bad mit WC, Dusche, Waschplatz. Gegen eine geringe Geb\u00fchr k\u00f6nnen Sie die Waschmaschine im Keller benutzen.<br \/>\nIn der Oberen Etage befindet sich ein weiterer Schlafbereich mit Doppelbett 140 x 200 cm, Kleiderschrank, ein Laptoptisch und ein Einzelbett 80 x 200 cm. Die relativ steile Treppe ist mit einem Kinderschutzgitter gesichert.<br \/>\nWir sind bestrebt, dass sich die G\u00e4ste in unserer netten Maisonette wohlf\u00fchlen.<\/p>\n<p>Die Wohnung liegt nahe dem Weltkulturerbe V\u00f6lklinger H\u00fctte und dem Messegel\u00e4nde Saarbr\u00fccken, Erlebnisbad Calypso und Deutsch-Franz\u00f6sischer Garten, grenznah an Frankreich.<br \/>\nGute Busverbindung zur Innenstadt und den kulturellen Einrichtungen wie Staatstheater und Moderne Galerie. Schnelle Anbindung an Autobahn (A620) in Richtung Luxemburg und Mannheim\/Kaiserslautern.<\/p>\n<p>Die Wohnung befindet sich in Gersweiler, einem Ortsteil von Saarbr\u00fccken; von der Autobahn A620 Ausfahrt SB Burbach, SB Gersweiler. Richtung Gersweiler folgen Sie der Hauptstrasse bis zum Ortskern am Berg; an der Ampel (rechts steht eine Kirche direkt an der Strasse) fahren sie links bergauf die Krugh\u00fctterstrasse und biegen in die erste Strasse rechts ab in die Kirchenstrasse. Die Nummer 23 ist ein leuchtend gelbes Haus mit Vorgarten und drei Kfz Stellpl\u00e4tzen. Mit der Bahn nehmen Sie vom Hauptbahnhof eine der Bus Linien 103 oder 104 bis zum Markt Gersweiler oder Teresienstrasse oder Kirchenstrasse und sind in wenigen Minuten an der Hausnummer 23.<\/p>\n<p>Gersweiler ein Ortsteil von Saarbr\u00fccken (West) bietet Einkaufsm\u00f6glichkeiten in der n\u00e4heren Umgebung wie ALDI, Wasgau, Lidl und NETTO, im Ortskern finden Sie zwei Banken mit Bankomat, B\u00e4ckerei, Tabak\/Zeitschriften Apotheke Eisdiele, Kebabstand und Pizzeria. Restaurants sind nahe der Wohnung zu finden. Ein Arzt befindet sich in der Kirchenstra\u00dfe. F\u00fcr die Kleinen sind Spielpl\u00e4tze in der N\u00e4he ebenso zwei Reiterh\u00f6fe. Nahe gelegen ist der Wald mit den M\u00f6glichkeiten zum spazieren, radeln und joggen. An der Saar unterhalb von Gersweiler gibt es Radwege bis zur Saarschleife und ins benachbarte Frankreich, ebenso Anschlu\u00df an den Saarland-Radweg.<br \/>\nUnweit befindet sich das Weltkulturerbe V\u00f6lklinger H\u00fctte ein Highlight f\u00fcr Besucher des Saarlandes. Die Innenstadt von Saarbr\u00fccken erreichen sie in 15 min. (5 km) mit dem Auto.<\/p>\n","protected":false},"excerpt":{"rendered":"<p>Herzlich willkommen\u2026. \u2026.in unserer mit drei Sternen klassifizierten,\u00a0nett und gem\u00fctlich eingerichteten Maisonettewohnung (Nichtraucher) in Saarbr\u00fccken Gersweiler; bitte keine Haustiere wie Hunde, Katzen usw. Die Wohnung in sehr ruhiger Lage, hat gute Verkehrsanbindung zur Innenstadt und &hellip; <a href=\"https:\/\/www.nettemaisonette.de\/cms\/\">Weiterlesen<\/a><\/p>\n","protected":false},"author":1,"featured_media":48,"parent":0,"menu_order":0,"comment_status":"closed","ping_status":"closed","template":"fullwidth-startseite.php","meta":[],"_links":{"self":[{"href":"https:\/\/www.nettemaisonette.de\/cms\/wp-json\/wp\/v2\/pages\/26"}],"collection":[{"href":"https:\/\/www.nettemaisonette.de\/cms\/wp-json\/wp\/v2\/pages"}],"about":[{"href":"https:\/\/www.nettemaisonette.de\/cms\/wp-json\/wp\/v2\/types\/page"}],"author":[{"embeddable":true,"href":"https:\/\/www.nettemaisonette.de\/cms\/wp-json\/wp\/v2\/users\/1"}],"replies":[{"embeddable":true,"href":"https:\/\/www.nettemaisonette.de\/cms\/wp-json\/wp\/v2\/comments?post=26"}],"version-history":[{"count":4,"href":"https:\/\/www.nettemaisonette.de\/cms\/wp-json\/wp\/v2\/pages\/26\/revisions"}],"predecessor-version":[{"id":164,"href":"https:\/\/www.nettemaisonette.de\/cms\/wp-json\/wp\/v2\/pages\/26\/revisions\/164"}],"wp:featuredmedia":[{"embeddable":true,"href":"https:\/\/www.nettemaisonette.de\/cms\/wp-json\/wp\/v2\/media\/48"}],"wp:attachment":[{"href":"https:\/\/www.nettemaisonette.de\/cms\/wp-json\/wp\/v2\/media?parent=26"}],"curies":[{"name":"wp","href":"https:\/\/api.w.org\/{rel}","templated":true}]}}