{"id":28,"date":"2017-04-15T11:41:18","date_gmt":"2017-04-15T09:41:18","guid":{"rendered":"http:\/\/www.nettemaisonette.de\/cms\/?page_id=28"},"modified":"2026-04-02T13:08:43","modified_gmt":"2026-04-02T11:08:43","slug":"verfuegbarkeitpreise","status":"publish","type":"page","link":"https:\/\/www.nettemaisonette.de\/cms\/verfuegbarkeitpreise\/","title":{"rendered":"Preise\/Verf\u00fcgbarkeit"},"content":{"rendered":"<p><strong>Preise\/Kosten pro Nacht:<\/strong><\/p>\n<p>\u2022 F\u00fcr <strong>eine<\/strong> Person<strong>: 70,00 Euro;<br \/>\n<\/strong>\u2022 F\u00fcr <strong>zwei<\/strong> Personen: <strong>75,00 Euro;<br \/>\n<\/strong>\u2022 Jede <strong>weitere<\/strong> Person:<strong> 35,00 Euro;<br \/>\n<\/strong>\u2022 Kinder (ab 7 Jahren)<br \/>\n&#8211;\u00a0 7 bis 12 Jahre: <strong>25,00 Euro,<br \/>\n<\/strong>&#8211; 13 bis 17 Jahre: <strong>60,00 Euro;<\/strong><br \/>\n\u2022 Endreinigung: <strong>36,00 Euro;<br \/>\n<\/strong><\/p>\n<p>F\u00fcr zwei Personen <strong>480,00 Euro<\/strong> pro Woche (6 N\u00e4chte).<br \/>\nIm Preis enthalten sind: Bettw\u00e4sche, Hand-\/Badet\u00fccher, alle Nebenkosten.<br \/>\nAnzahlung 50,00 Euro, Restbetrag bei Ankunft.<\/p>\n<p><strong>Mindestaufenthalt 3 N\u00e4chte.<\/strong><br \/>\nF\u00fcr l\u00e4ngere Aufenthalte erstellen wir Ihnen gerne ein Angebot.<\/p>\n<p><strong>Hinweis:<\/strong> Ab dem 1. April 2026 wird zus\u00e4tzlich eine \u00f6rtliche <strong>Beherbergungssteuer in H\u00f6he von 3,5 %<\/strong> auf den Gesamtpreis berechnet.<\/p>\n<p><strong>Verf\u00fcgbarkeit auf Anfrage:<br \/>\n<\/strong>Telefon: (+49) 681 9704496<br \/>\nMobil: (+49) 1573 4472986<br \/>\nE-Mail: info@nettemaisonette.de<\/p>\n","protected":false},"excerpt":{"rendered":"<p>Preise\/Kosten pro Nacht: \u2022 F\u00fcr eine Person: 70,00 Euro; \u2022 F\u00fcr zwei Personen: 75,00 Euro; \u2022 Jede weitere Person: 35,00 Euro; \u2022 Kinder (ab 7 Jahren) &#8211;\u00a0 7 bis 12 Jahre: 25,00 Euro, &#8211; 13 &hellip; <a href=\"https:\/\/www.nettemaisonette.de\/cms\/verfuegbarkeitpreise\/\">Weiterlesen<\/a><\/p>\n","protected":false},"author":1,"featured_media":0,"parent":0,"menu_order":0,"comment_status":"closed","ping_status":"closed","template":"fullwidth-verfugbarkeit.php","meta":[],"_links":{"self":[{"href":"https:\/\/www.nettemaisonette.de\/cms\/wp-json\/wp\/v2\/pages\/28"}],"collection":[{"href":"https:\/\/www.nettemaisonette.de\/cms\/wp-json\/wp\/v2\/pages"}],"about":[{"href":"https:\/\/www.nettemaisonette.de\/cms\/wp-json\/wp\/v2\/types\/page"}],"author":[{"embeddable":true,"href":"https:\/\/www.nettemaisonette.de\/cms\/wp-json\/wp\/v2\/users\/1"}],"replies":[{"embeddable":true,"href":"https:\/\/www.nettemaisonette.de\/cms\/wp-json\/wp\/v2\/comments?post=28"}],"version-history":[{"count":34,"href":"https:\/\/www.nettemaisonette.de\/cms\/wp-json\/wp\/v2\/pages\/28\/revisions"}],"predecessor-version":[{"id":185,"href":"https:\/\/www.nettemaisonette.de\/cms\/wp-json\/wp\/v2\/pages\/28\/revisions\/185"}],"wp:attachment":[{"href":"https:\/\/www.nettemaisonette.de\/cms\/wp-json\/wp\/v2\/media?parent=28"}],"curies":[{"name":"wp","href":"https:\/\/api.w.org\/{rel}","templated":true}]}}