{"id":35,"date":"2017-04-15T11:52:22","date_gmt":"2017-04-15T09:52:22","guid":{"rendered":"http:\/\/www.nettemaisonette.de\/cms\/?page_id=35"},"modified":"2022-01-17T17:00:14","modified_gmt":"2022-01-17T16:00:14","slug":"impressum","status":"publish","type":"page","link":"https:\/\/www.nettemaisonette.de\/cms\/impressum\/","title":{"rendered":"Impressum"},"content":{"rendered":"<p>Verantwortlich f\u00fcr den Inhalt dieser Webseite:<\/p>\n<p>Petra Mahren \u2022 Kirchenstr. 23 \u2022 66128 Saarbr\u00fccken<br \/>\nTel. 0681 970 4496 \u2022 info[at]nettemaisonette.de<\/p>\n<p>Gestaltung: Mahren Grafikdesign<br \/>\nHosting: artSystem\u00ae-Mediaservice GbR<\/p>\n<p>Hinweis zur Online-Streitbeilegung gem\u00e4\u00df Art. 14 Abs. 1 ODR-VO: Die Europ\u00e4ische Kommission stellt eine Plattform zur Online-Streitbeilegung (OS) bereit, die Sie unter https:\/\/ec.europa.eu\/consumers\/odr\/ finden.<\/p>\n<p>Haftungsausschluss:<br \/>\nDie in unserer Homepage zur Verf\u00fcgung gestellten Informationen werden gewissenhaft und mit gr\u00f6\u00dfter Sorgfalt zusammengestellt und unterliegen einer st\u00e4ndigen Aktualisierung. Trotzdem kann Fehlerfreiheit nicht garantiert werden. Michael Mahren schlie\u00dft daher jede Haftung oder Garantie f\u00fcr die auf dieser Website bereitgestellten Informationen aus.<\/p>\n<p>Wir distanzieren uns hiermit von Inhalten jeglicher Art auf den verlinkten Seiten unserer Homepage. Ausdr\u00fccklich erkl\u00e4ren wir, dass wir auf die au\u00dferhalb unserer Internetpr\u00e4senz liegenden Seiten keinerlei Einfluss bez\u00fcglich deren Gestaltung und Inhalt haben und somit auch nicht verantwortlich sind.<\/p>\n","protected":false},"excerpt":{"rendered":"<p>Verantwortlich f\u00fcr den Inhalt dieser Webseite: Petra Mahren \u2022 Kirchenstr. 23 \u2022 66128 Saarbr\u00fccken Tel. 0681 970 4496 \u2022 info[at]nettemaisonette.de Gestaltung: Mahren Grafikdesign Hosting: artSystem\u00ae-Mediaservice GbR Hinweis zur Online-Streitbeilegung gem\u00e4\u00df Art. 14 Abs. 1 ODR-VO: &hellip; <a href=\"https:\/\/www.nettemaisonette.de\/cms\/impressum\/\">Weiterlesen<\/a><\/p>\n","protected":false},"author":1,"featured_media":0,"parent":0,"menu_order":0,"comment_status":"closed","ping_status":"closed","template":"","meta":[],"_links":{"self":[{"href":"https:\/\/www.nettemaisonette.de\/cms\/wp-json\/wp\/v2\/pages\/35"}],"collection":[{"href":"https:\/\/www.nettemaisonette.de\/cms\/wp-json\/wp\/v2\/pages"}],"about":[{"href":"https:\/\/www.nettemaisonette.de\/cms\/wp-json\/wp\/v2\/types\/page"}],"author":[{"embeddable":true,"href":"https:\/\/www.nettemaisonette.de\/cms\/wp-json\/wp\/v2\/users\/1"}],"replies":[{"embeddable":true,"href":"https:\/\/www.nettemaisonette.de\/cms\/wp-json\/wp\/v2\/comments?post=35"}],"version-history":[{"count":3,"href":"https:\/\/www.nettemaisonette.de\/cms\/wp-json\/wp\/v2\/pages\/35\/revisions"}],"predecessor-version":[{"id":166,"href":"https:\/\/www.nettemaisonette.de\/cms\/wp-json\/wp\/v2\/pages\/35\/revisions\/166"}],"wp:attachment":[{"href":"https:\/\/www.nettemaisonette.de\/cms\/wp-json\/wp\/v2\/media?parent=35"}],"curies":[{"name":"wp","href":"https:\/\/api.w.org\/{rel}","templated":true}]}}